{"id":316,"date":"2025-10-28T10:35:28","date_gmt":"2025-10-28T09:35:28","guid":{"rendered":"https:\/\/sar-hungary.org\/about-us\/"},"modified":"2026-02-05T13:15:00","modified_gmt":"2026-02-05T12:15:00","slug":"our-gold-standard","status":"publish","type":"page","link":"https:\/\/sar-hungary.org\/en\/kuldetesunk\/","title":{"rendered":"With faith, knowledge and heart for human lives"},"content":{"rendered":"<div data-elementor-type=\"wp-page\" data-elementor-id=\"316\" class=\"elementor elementor-316\" data-elementor-post-type=\"page\">\n\t\t\t\t<div class=\"elementor-element elementor-element-f174499 e-flex e-con-boxed e-con e-parent\" data-id=\"f174499\" data-element_type=\"container\" data-e-type=\"container\" data-settings=\"{&quot;background_background&quot;:&quot;classic&quot;}\">\n\t\t\t\t\t<div class=\"e-con-inner\">\n\t\t<div class=\"elementor-element elementor-element-ee43ee7 e-con-full e-flex e-con e-child\" data-id=\"ee43ee7\" data-element_type=\"container\" data-e-type=\"container\">\n\t\t<div class=\"elementor-element elementor-element-315916f e-con-full e-flex e-con e-child\" data-id=\"315916f\" data-element_type=\"container\" data-e-type=\"container\">\n\t\t\t\t<div class=\"elementor-element elementor-element-71f2e57 elementor-widget elementor-widget-heading\" data-id=\"71f2e57\" data-element_type=\"widget\" data-e-type=\"widget\" data-widget_type=\"heading.default\">\n\t\t\t\t<div class=\"elementor-widget-container\">\n\t\t\t\t\t<h2 class=\"elementor-heading-title elementor-size-default\">This is our mission: to be there when others are in trouble<\/h2>\t\t\t\t<\/div>\n\t\t\t\t<\/div>\n\t\t\t\t<div class=\"elementor-element elementor-element-6fb3932 elementor-widget elementor-widget-text-editor\" data-id=\"6fb3932\" data-element_type=\"widget\" data-e-type=\"widget\" data-widget_type=\"text-editor.default\">\n\t\t\t\t<div class=\"elementor-widget-container\">\n\t\t\t\t\t\t\t\t\t<p data-start=\"819\" data-end=\"985\">Our mission is to help people in need with faith, compassion and professionalism -<br data-start=\"936\" data-end=\"939\" \/>whether within our borders or beyond.<\/p><p data-start=\"992\" data-end=\"1168\">The Research and Rescue Team of the Hungarian Reformed Charity Service is made up of volunteers:<br data-start=\"1074\" data-end=\"1077\" \/>people who are not afraid to act when others would run away.<\/p><p data-start=\"1175\" data-end=\"1271\">Because we believe that faith without action is dead -<br data-start=\"1222\" data-end=\"1225\" \/>and we work for this faith every day.<\/p>\t\t\t\t\t\t\t\t<\/div>\n\t\t\t\t<\/div>\n\t\t\t\t<\/div>\n\t\t\t\t<\/div>\n\t\t<div class=\"elementor-element elementor-element-bb789a6 e-con-full e-flex e-con e-child\" data-id=\"bb789a6\" data-element_type=\"container\" data-e-type=\"container\">\n\t\t<div class=\"elementor-element elementor-element-07f2643 e-con-full e-flex e-con e-child\" data-id=\"07f2643\" data-element_type=\"container\" data-e-type=\"container\">\n\t\t\t\t<div class=\"elementor-element elementor-element-5d2a3e1 elementor-widget elementor-widget-image\" data-id=\"5d2a3e1\" data-element_type=\"widget\" data-e-type=\"widget\" data-widget_type=\"image.default\">\n\t\t\t\t<div class=\"elementor-widget-container\">\n\t\t\t\t\t\t\t\t\t\t\t\t\t\t\t<img fetchpriority=\"high\" decoding=\"async\" width=\"1024\" height=\"682\" src=\"https:\/\/sar-hungary.org\/wp-content\/uploads\/2025\/10\/mentes-gyak-1024x682.webp\" class=\"attachment-large size-large wp-image-2270\" alt=\"\" srcset=\"https:\/\/sar-hungary.org\/wp-content\/uploads\/2025\/10\/mentes-gyak-1024x682.webp 1024w, https:\/\/sar-hungary.org\/wp-content\/uploads\/2025\/10\/mentes-gyak-300x200.webp 300w, https:\/\/sar-hungary.org\/wp-content\/uploads\/2025\/10\/mentes-gyak-768x512.webp 768w, https:\/\/sar-hungary.org\/wp-content\/uploads\/2025\/10\/mentes-gyak-1536x1023.webp 1536w, https:\/\/sar-hungary.org\/wp-content\/uploads\/2025\/10\/mentes-gyak.webp 1600w\" sizes=\"(max-width: 1024px) 100vw, 1024px\" \/>\t\t\t\t\t\t\t\t\t\t\t\t\t\t\t<\/div>\n\t\t\t\t<\/div>\n\t\t\t\t<div class=\"elementor-element elementor-element-98e33e0 elementor-widget elementor-widget-image\" data-id=\"98e33e0\" data-element_type=\"widget\" data-e-type=\"widget\" data-widget_type=\"image.default\">\n\t\t\t\t<div class=\"elementor-widget-container\">\n\t\t\t\t\t\t\t\t\t\t\t\t\t\t\t<img decoding=\"async\" width=\"768\" height=\"1024\" src=\"https:\/\/sar-hungary.org\/wp-content\/uploads\/2025\/10\/quad1-768x1024.webp\" class=\"attachment-large size-large wp-image-2055\" alt=\"\" srcset=\"https:\/\/sar-hungary.org\/wp-content\/uploads\/2025\/10\/quad1-768x1024.webp 768w, https:\/\/sar-hungary.org\/wp-content\/uploads\/2025\/10\/quad1-225x300.webp 225w, https:\/\/sar-hungary.org\/wp-content\/uploads\/2025\/10\/quad1-1152x1536.webp 1152w, https:\/\/sar-hungary.org\/wp-content\/uploads\/2025\/10\/quad1-1536x2048.webp 1536w, https:\/\/sar-hungary.org\/wp-content\/uploads\/2025\/10\/quad1-scaled.webp 1920w\" sizes=\"(max-width: 768px) 100vw, 768px\" \/>\t\t\t\t\t\t\t\t\t\t\t\t\t\t\t<\/div>\n\t\t\t\t<\/div>\n\t\t\t\t<\/div>\n\t\t<div class=\"elementor-element elementor-element-63fc36d e-con-full e-flex e-con e-child\" data-id=\"63fc36d\" data-element_type=\"container\" data-e-type=\"container\">\n\t\t\t\t<div class=\"elementor-element elementor-element-ddba183 elementor-widget elementor-widget-image\" data-id=\"ddba183\" data-element_type=\"widget\" data-e-type=\"widget\" data-widget_type=\"image.default\">\n\t\t\t\t<div class=\"elementor-widget-container\">\n\t\t\t\t\t\t\t\t\t\t\t\t\t\t\t<img decoding=\"async\" width=\"500\" height=\"600\" src=\"https:\/\/sar-hungary.org\/wp-content\/uploads\/2025\/12\/mentescsoport.webp\" class=\"attachment-large size-large wp-image-2801\" alt=\"\" srcset=\"https:\/\/sar-hungary.org\/wp-content\/uploads\/2025\/12\/mentescsoport.webp 500w, https:\/\/sar-hungary.org\/wp-content\/uploads\/2025\/12\/mentescsoport-250x300.webp 250w\" sizes=\"(max-width: 500px) 100vw, 500px\" \/>\t\t\t\t\t\t\t\t\t\t\t\t\t\t\t<\/div>\n\t\t\t\t<\/div>\n\t\t\t\t<div class=\"elementor-element elementor-element-948049e elementor-widget elementor-widget-image\" data-id=\"948049e\" data-element_type=\"widget\" data-e-type=\"widget\" data-widget_type=\"image.default\">\n\t\t\t\t<div class=\"elementor-widget-container\">\n\t\t\t\t\t\t\t\t\t\t\t\t\t\t\t<img loading=\"lazy\" decoding=\"async\" width=\"1024\" height=\"683\" src=\"https:\/\/sar-hungary.org\/wp-content\/uploads\/2025\/10\/interju-1024x683.webp\" class=\"attachment-large size-large wp-image-2273\" alt=\"\" srcset=\"https:\/\/sar-hungary.org\/wp-content\/uploads\/2025\/10\/interju-1024x683.webp 1024w, https:\/\/sar-hungary.org\/wp-content\/uploads\/2025\/10\/interju-300x200.webp 300w, https:\/\/sar-hungary.org\/wp-content\/uploads\/2025\/10\/interju-768x512.webp 768w, https:\/\/sar-hungary.org\/wp-content\/uploads\/2025\/10\/interju-1536x1024.webp 1536w, https:\/\/sar-hungary.org\/wp-content\/uploads\/2025\/10\/interju.webp 2048w\" sizes=\"(max-width: 1024px) 100vw, 1024px\" \/>\t\t\t\t\t\t\t\t\t\t\t\t\t\t\t<\/div>\n\t\t\t\t<\/div>\n\t\t\t\t<\/div>\n\t\t\t\t<\/div>\n\t\t\t\t\t<\/div>\n\t\t\t\t<\/div>\n\t\t<div class=\"elementor-element elementor-element-25f2c4d e-flex e-con-boxed e-con e-parent\" data-id=\"25f2c4d\" data-element_type=\"container\" data-e-type=\"container\" data-settings=\"{&quot;background_background&quot;:&quot;classic&quot;}\">\n\t\t\t\t\t<div class=\"e-con-inner\">\n\t\t<div class=\"elementor-element elementor-element-307acbb e-con-full e-flex e-con e-child\" data-id=\"307acbb\" data-element_type=\"container\" data-e-type=\"container\" data-settings=\"{&quot;background_background&quot;:&quot;classic&quot;}\">\n\t\t\t\t<div class=\"elementor-element elementor-element-fbbd716 elementor-invisible elementor-widget elementor-widget-heading\" data-id=\"fbbd716\" data-element_type=\"widget\" data-e-type=\"widget\" data-settings=\"{&quot;_animation&quot;:&quot;fadeInLeft&quot;}\" data-widget_type=\"heading.default\">\n\t\t\t\t<div class=\"elementor-widget-container\">\n\t\t\t\t\t<h2 class=\"elementor-heading-title elementor-size-default\">Our history - where we started<\/h2>\t\t\t\t<\/div>\n\t\t\t\t<\/div>\n\t\t\t\t<\/div>\n\t\t\t\t<div class=\"elementor-element elementor-element-3eb83ca elementor-widget elementor-widget-text-editor\" data-id=\"3eb83ca\" data-element_type=\"widget\" data-e-type=\"widget\" data-widget_type=\"text-editor.default\">\n\t\t\t\t<div class=\"elementor-widget-container\">\n\t\t\t\t\t\t\t\t\t<p data-start=\"1326\" data-end=\"1451\">In March 2019, we decided that we would like to serve under the banner of the Hungarian Reformed Church  Service.<\/p><p data-start=\"1458\" data-end=\"1614\">We learned a lot in the first years. The epidemic and the war taught us,<br data-start=\"1540\" data-end=\"1543\" \/>that real help is not always spectacular - but always vital.<\/p><p data-start=\"1621\" data-end=\"1725\">Since then, our volunteer team has grown to 17 people, with 5 working dogs and modern rescue equipment.<\/p><p data-start=\"1732\" data-end=\"1865\">We use our experience and our faith to save lives and restore hope to those who have almost run out.<\/p>\t\t\t\t\t\t\t\t<\/div>\n\t\t\t\t<\/div>\n\t\t\t\t\t<\/div>\n\t\t\t\t<\/div>\n\t\t<div class=\"elementor-element elementor-element-bba4b2b e-flex e-con-boxed e-con e-parent\" data-id=\"bba4b2b\" data-element_type=\"container\" data-e-type=\"container\" data-settings=\"{&quot;background_background&quot;:&quot;classic&quot;}\">\n\t\t\t\t\t<div class=\"e-con-inner\">\n\t\t<div class=\"elementor-element elementor-element-9a29ad9 e-con-full e-flex e-con e-child\" data-id=\"9a29ad9\" data-element_type=\"container\" data-e-type=\"container\" data-settings=\"{&quot;background_background&quot;:&quot;classic&quot;}\">\n\t\t\t\t<div class=\"elementor-element elementor-element-889b9f5 elementor-invisible elementor-widget elementor-widget-heading\" data-id=\"889b9f5\" data-element_type=\"widget\" data-e-type=\"widget\" data-settings=\"{&quot;_animation&quot;:&quot;fadeInLeft&quot;}\" data-widget_type=\"heading.default\">\n\t\t\t\t<div class=\"elementor-widget-container\">\n\t\t\t\t\t<h2 class=\"elementor-heading-title elementor-size-default\">What drives us?<\/h2>\t\t\t\t<\/div>\n\t\t\t\t<\/div>\n\t\t\t\t<\/div>\n\t\t\t\t\t<\/div>\n\t\t\t\t<\/div>\n\t\t<div class=\"elementor-element elementor-element-dd8c3b7 e-flex e-con-boxed e-con e-parent\" data-id=\"dd8c3b7\" data-element_type=\"container\" data-e-type=\"container\" data-settings=\"{&quot;background_background&quot;:&quot;classic&quot;}\">\n\t\t\t\t\t<div class=\"e-con-inner\">\n\t\t<div class=\"elementor-element elementor-element-6e13cfd e-con-full e-flex e-con e-child\" data-id=\"6e13cfd\" data-element_type=\"container\" data-e-type=\"container\" data-settings=\"{&quot;background_background&quot;:&quot;classic&quot;}\">\n\t\t<div class=\"elementor-element elementor-element-d93ab2d e-con-full e-flex e-con e-child\" data-id=\"d93ab2d\" data-element_type=\"container\" data-e-type=\"container\" data-settings=\"{&quot;background_background&quot;:&quot;classic&quot;}\">\n\t\t\t\t<div class=\"elementor-element elementor-element-405e5fe elementor-widget elementor-widget-heading\" data-id=\"405e5fe\" data-element_type=\"widget\" data-e-type=\"widget\" data-widget_type=\"heading.default\">\n\t\t\t\t<div class=\"elementor-widget-container\">\n\t\t\t\t\t<h5 class=\"elementor-heading-title elementor-size-default\">01.<\/h5>\t\t\t\t<\/div>\n\t\t\t\t<\/div>\n\t\t\t\t<div class=\"elementor-element elementor-element-e2c16af elementor-widget elementor-widget-image-box\" data-id=\"e2c16af\" data-element_type=\"widget\" data-e-type=\"widget\" data-widget_type=\"image-box.default\">\n\t\t\t\t<div class=\"elementor-widget-container\">\n\t\t\t\t\t<div class=\"elementor-image-box-wrapper\"><div class=\"elementor-image-box-content\"><h5 class=\"elementor-image-box-title\">Faith and humanity<\/h5><p class=\"elementor-image-box-description\">Behind everything we do is faith -\nthat human life is sacred and can be saved.<\/p><\/div><\/div>\t\t\t\t<\/div>\n\t\t\t\t<\/div>\n\t\t\t\t<\/div>\n\t\t<div class=\"elementor-element elementor-element-55d7b29 e-con-full e-flex e-con e-child\" data-id=\"55d7b29\" data-element_type=\"container\" data-e-type=\"container\" data-settings=\"{&quot;background_background&quot;:&quot;classic&quot;}\">\n\t\t\t\t<div class=\"elementor-element elementor-element-4eea37c elementor-widget elementor-widget-heading\" data-id=\"4eea37c\" data-element_type=\"widget\" data-e-type=\"widget\" data-widget_type=\"heading.default\">\n\t\t\t\t<div class=\"elementor-widget-container\">\n\t\t\t\t\t<h5 class=\"elementor-heading-title elementor-size-default\">02.<\/h5>\t\t\t\t<\/div>\n\t\t\t\t<\/div>\n\t\t\t\t<div class=\"elementor-element elementor-element-e65afdf elementor-widget elementor-widget-image-box\" data-id=\"e65afdf\" data-element_type=\"widget\" data-e-type=\"widget\" data-widget_type=\"image-box.default\">\n\t\t\t\t<div class=\"elementor-widget-container\">\n\t\t\t\t\t<div class=\"elementor-image-box-wrapper\"><div class=\"elementor-image-box-content\"><h5 class=\"elementor-image-box-title\">Expertise and teamwork<\/h5><p class=\"elementor-image-box-description\">Trained rescuers, firefighters, dog handlers and volunteers work together,\nto ensure that all operations are carried out safely and efficiently.<\/p><\/div><\/div>\t\t\t\t<\/div>\n\t\t\t\t<\/div>\n\t\t\t\t<\/div>\n\t\t<div class=\"elementor-element elementor-element-1b0d762 e-con-full e-flex e-con e-child\" data-id=\"1b0d762\" data-element_type=\"container\" data-e-type=\"container\" data-settings=\"{&quot;background_background&quot;:&quot;classic&quot;}\">\n\t\t\t\t<div class=\"elementor-element elementor-element-631d2f2 elementor-widget elementor-widget-heading\" data-id=\"631d2f2\" data-element_type=\"widget\" data-e-type=\"widget\" data-widget_type=\"heading.default\">\n\t\t\t\t<div class=\"elementor-widget-container\">\n\t\t\t\t\t<h5 class=\"elementor-heading-title elementor-size-default\">03.<\/h5>\t\t\t\t<\/div>\n\t\t\t\t<\/div>\n\t\t\t\t<div class=\"elementor-element elementor-element-6ca2aa2 elementor-widget elementor-widget-image-box\" data-id=\"6ca2aa2\" data-element_type=\"widget\" data-e-type=\"widget\" data-widget_type=\"image-box.default\">\n\t\t\t\t<div class=\"elementor-widget-container\">\n\t\t\t\t\t<div class=\"elementor-image-box-wrapper\"><div class=\"elementor-image-box-content\"><h5 class=\"elementor-image-box-title\">Service and perseverance<\/h5><p class=\"elementor-image-box-description\">No location is too cold, too muddy or too far away,\nif someone needs us.\nBecause we can't just help - we must help.<\/p><\/div><\/div>\t\t\t\t<\/div>\n\t\t\t\t<\/div>\n\t\t\t\t<\/div>\n\t\t\t\t<\/div>\n\t\t\t\t<div class=\"elementor-element elementor-element-6314e1d elementor-invisible elementor-widget elementor-widget-text-editor\" data-id=\"6314e1d\" data-element_type=\"widget\" data-e-type=\"widget\" data-settings=\"{&quot;_animation&quot;:&quot;rotateInUpLeft&quot;}\" data-widget_type=\"text-editor.default\">\n\t\t\t\t<div class=\"elementor-widget-container\">\n\t\t\t\t\t\t\t\t\t<p>Every mission has the same objective: <strong data-start=\"2786\" data-end=\"2819\">help where lives are at stake.<\/strong><\/p>\t\t\t\t\t\t\t\t<\/div>\n\t\t\t\t<\/div>\n\t\t\t\t\t<\/div>\n\t\t\t\t<\/div>\n\t\t<div class=\"elementor-element elementor-element-6c800e6 e-flex e-con-boxed e-con e-parent\" data-id=\"6c800e6\" data-element_type=\"container\" data-e-type=\"container\" data-settings=\"{&quot;background_background&quot;:&quot;classic&quot;}\">\n\t\t\t\t\t<div class=\"e-con-inner\">\n\t\t\t\t<div class=\"elementor-element elementor-element-a171dbe elementor-widget elementor-widget-heading\" data-id=\"a171dbe\" data-element_type=\"widget\" data-e-type=\"widget\" data-widget_type=\"heading.default\">\n\t\t\t\t<div class=\"elementor-widget-container\">\n\t\t\t\t\t<h2 class=\"elementor-heading-title elementor-size-default\">Experience, courage, humanity - these are our guiding principles on every mission.\nOur goal is the same, both within and beyond our borders: to help where there is trouble.\nIt's our way - and there's always room for those who think the same way.<\/h2>\t\t\t\t<\/div>\n\t\t\t\t<\/div>\n\t\t\t\t<div class=\"elementor-element elementor-element-9ae2824 elementor-align-center elementor-mobile-align-center elementor-widget elementor-widget-button\" data-id=\"9ae2824\" data-element_type=\"widget\" data-e-type=\"widget\" data-widget_type=\"button.default\">\n\t\t\t\t<div class=\"elementor-widget-container\">\n\t\t\t\t\t\t\t\t\t<div class=\"elementor-button-wrapper\">\n\t\t\t\t\t<a class=\"elementor-button elementor-button-link elementor-size-sm elementor-animation-grow\" href=\"https:\/\/sar-hungary.org\/en\/#jelentkezesurlap\">\n\t\t\t\t\t\t<span class=\"elementor-button-content-wrapper\">\n\t\t\t\t\t\t\t\t\t<span class=\"elementor-button-text\">Join the community!<\/span>\n\t\t\t\t\t<\/span>\n\t\t\t\t\t<\/a>\n\t\t\t\t<\/div>\n\t\t\t\t\t\t\t\t<\/div>\n\t\t\t\t<\/div>\n\t\t\t\t\t<\/div>\n\t\t\t\t<\/div>\n\t\t\t\t<\/div>","protected":false},"excerpt":{"rendered":"<p>Ez a mi k\u00fcldet\u00e9s\u00fcnk: ott lenni amikor m\u00e1sok bajban vannak K\u00fcldet\u00e9s\u00fcnk, hogy a bajba jutott embereknek hittel, egy\u00fctt\u00e9rz\u00e9ssel \u00e9s szakmai felk\u00e9sz\u00fclts\u00e9ggel ny\u00fajtsunk seg\u00edts\u00e9get \u2013ak\u00e1r a hat\u00e1rainkon bel\u00fcl, ak\u00e1r azokon t\u00fal. A Magyar Reform\u00e1tus Szeretetszolg\u00e1lat Kutat\u00f3- \u00e9s Ment\u0151csoportja \u00f6nk\u00e9ntesekb\u0151l \u00e1ll:olyan emberekb\u0151l, akik nem f\u00e9lnek akkor is cselekedni, amikor m\u00e1sok m\u00e1r elmenek\u00fcln\u00e9nek. Mert hissz\u00fck, hogy a hit [&hellip;]<\/p>\n","protected":false},"author":1,"featured_media":2484,"parent":0,"menu_order":0,"comment_status":"closed","ping_status":"closed","template":"","meta":{"site-sidebar-layout":"no-sidebar","site-content-layout":"page-builder","ast-site-content-layout":"full-width-container","site-content-style":"default","site-sidebar-style":"default","ast-global-header-display":"","ast-banner-title-visibility":"disabled","ast-main-header-display":"","ast-hfb-above-header-display":"","ast-hfb-below-header-display":"","ast-hfb-mobile-header-display":"","site-post-title":"","ast-breadcrumbs-content":"","ast-featured-img":"disabled","footer-sml-layout":"","ast-disable-related-posts":"","theme-transparent-header-meta":"enabled","adv-header-id-meta":"","stick-header-meta":"","header-above-stick-meta":"","header-main-stick-meta":"","header-below-stick-meta":"","astra-migrate-meta-layouts":"set","ast-page-background-enabled":"default","ast-page-background-meta":{"desktop":{"background-color":"var(--ast-global-color-4)","background-image":"","background-repeat":"repeat","background-position":"center center","background-size":"auto","background-attachment":"scroll","background-type":"","background-media":"","overlay-type":"","overlay-color":"","overlay-opacity":"","overlay-gradient":""},"tablet":{"background-color":"","background-image":"","background-repeat":"repeat","background-position":"center center","background-size":"auto","background-attachment":"scroll","background-type":"","background-media":"","overlay-type":"","overlay-color":"","overlay-opacity":"","overlay-gradient":""},"mobile":{"background-color":"","background-image":"","background-repeat":"repeat","background-position":"center center","background-size":"auto","background-attachment":"scroll","background-type":"","background-media":"","overlay-type":"","overlay-color":"","overlay-opacity":"","overlay-gradient":""}},"ast-content-background-meta":{"desktop":{"background-color":"var(--ast-global-color-5)","background-image":"","background-repeat":"repeat","background-position":"center center","background-size":"auto","background-attachment":"scroll","background-type":"","background-media":"","overlay-type":"","overlay-color":"","overlay-opacity":"","overlay-gradient":""},"tablet":{"background-color":"var(--ast-global-color-5)","background-image":"","background-repeat":"repeat","background-position":"center center","background-size":"auto","background-attachment":"scroll","background-type":"","background-media":"","overlay-type":"","overlay-color":"","overlay-opacity":"","overlay-gradient":""},"mobile":{"background-color":"var(--ast-global-color-5)","background-image":"","background-repeat":"repeat","background-position":"center center","background-size":"auto","background-attachment":"scroll","background-type":"","background-media":"","overlay-type":"","overlay-color":"","overlay-opacity":"","overlay-gradient":""}},"footnotes":""},"class_list":["post-316","page","type-page","status-publish","has-post-thumbnail","hentry"],"_links":{"self":[{"href":"https:\/\/sar-hungary.org\/en\/wp-json\/wp\/v2\/pages\/316","targetHints":{"allow":["GET"]}}],"collection":[{"href":"https:\/\/sar-hungary.org\/en\/wp-json\/wp\/v2\/pages"}],"about":[{"href":"https:\/\/sar-hungary.org\/en\/wp-json\/wp\/v2\/types\/page"}],"author":[{"embeddable":true,"href":"https:\/\/sar-hungary.org\/en\/wp-json\/wp\/v2\/users\/1"}],"replies":[{"embeddable":true,"href":"https:\/\/sar-hungary.org\/en\/wp-json\/wp\/v2\/comments?post=316"}],"version-history":[{"count":182,"href":"https:\/\/sar-hungary.org\/en\/wp-json\/wp\/v2\/pages\/316\/revisions"}],"predecessor-version":[{"id":2964,"href":"https:\/\/sar-hungary.org\/en\/wp-json\/wp\/v2\/pages\/316\/revisions\/2964"}],"wp:featuredmedia":[{"embeddable":true,"href":"https:\/\/sar-hungary.org\/en\/wp-json\/wp\/v2\/media\/2484"}],"wp:attachment":[{"href":"https:\/\/sar-hungary.org\/en\/wp-json\/wp\/v2\/media?parent=316"}],"curies":[{"name":"wp","href":"https:\/\/api.w.org\/{rel}","templated":true}]}}