{"id":318,"date":"2025-10-28T10:35:28","date_gmt":"2025-10-28T09:35:28","guid":{"rendered":"https:\/\/sar-hungary.org\/stories\/"},"modified":"2026-02-05T13:12:40","modified_gmt":"2026-02-05T12:12:40","slug":"miscellany","status":"publish","type":"page","link":"https:\/\/sar-hungary.org\/en\/missziok\/","title":{"rendered":"On the trail of our mission-from our contributions"},"content":{"rendered":"<div data-elementor-type=\"wp-page\" data-elementor-id=\"318\" class=\"elementor elementor-318\" data-elementor-post-type=\"page\">\n\t\t\t\t<div class=\"elementor-element elementor-element-a7d355f e-flex e-con-boxed e-con e-parent\" data-id=\"a7d355f\" data-element_type=\"container\" data-e-type=\"container\" data-settings=\"{&quot;background_background&quot;:&quot;classic&quot;}\">\n\t\t\t\t\t<div class=\"e-con-inner\">\n\t\t<div class=\"elementor-element elementor-element-59c7efa e-con-full e-flex e-con e-child\" data-id=\"59c7efa\" data-element_type=\"container\" data-e-type=\"container\">\n\t\t\t\t<div class=\"elementor-element elementor-element-76b61bf elementor-widget elementor-widget-image-box\" data-id=\"76b61bf\" data-element_type=\"widget\" data-e-type=\"widget\" data-widget_type=\"image-box.default\">\n\t\t\t\t<div class=\"elementor-widget-container\">\n\t\t\t\t\t<div class=\"elementor-image-box-wrapper\"><div class=\"elementor-image-box-content\"><h2 class=\"elementor-image-box-title\">Every mission is different, but the goal is always the same:<\/h2><\/div><\/div>\t\t\t\t<\/div>\n\t\t\t\t<\/div>\n\t\t\t\t<div class=\"elementor-element elementor-element-676d521 elementor-widget elementor-widget-text-editor\" data-id=\"676d521\" data-element_type=\"widget\" data-e-type=\"widget\" data-widget_type=\"text-editor.default\">\n\t\t\t\t<div class=\"elementor-widget-container\">\n\t\t\t\t\t\t\t\t\t<p>Here we have collected the most significant places and moments where our team has saved lives at home and abroad.<\/p>\t\t\t\t\t\t\t\t<\/div>\n\t\t\t\t<\/div>\n\t\t\t\t<\/div>\n\t\t<div class=\"elementor-element elementor-element-12a26d6 e-con-full e-flex e-con e-child\" data-id=\"12a26d6\" data-element_type=\"container\" data-e-type=\"container\">\n\t\t<div class=\"elementor-element elementor-element-b376046 e-con-full e-flex e-con e-child\" data-id=\"b376046\" data-element_type=\"container\" data-e-type=\"container\" data-settings=\"{&quot;background_background&quot;:&quot;classic&quot;}\">\n\t\t<div class=\"elementor-element elementor-element-6fe92ac e-con-full e-flex e-con e-child\" data-id=\"6fe92ac\" data-element_type=\"container\" data-e-type=\"container\">\n\t\t\t\t<div class=\"elementor-element elementor-element-dc228a8 elementor-position-top elementor-widget elementor-widget-image-box\" data-id=\"dc228a8\" data-element_type=\"widget\" data-e-type=\"widget\" data-widget_type=\"image-box.default\">\n\t\t\t\t<div class=\"elementor-widget-container\">\n\t\t\t\t\t<div class=\"elementor-image-box-wrapper\"><figure class=\"elementor-image-box-img\"><img fetchpriority=\"high\" decoding=\"async\" width=\"500\" height=\"600\" src=\"https:\/\/sar-hungary.org\/wp-content\/uploads\/2025\/12\/menteskutyas.webp\" class=\"attachment-full size-full wp-image-2805\" alt=\"\" srcset=\"https:\/\/sar-hungary.org\/wp-content\/uploads\/2025\/12\/menteskutyas.webp 500w, https:\/\/sar-hungary.org\/wp-content\/uploads\/2025\/12\/menteskutyas-250x300.webp 250w\" sizes=\"(max-width: 500px) 100vw, 500px\" \/><\/figure><div class=\"elementor-image-box-content\"><h5 class=\"elementor-image-box-title\">With dogs for those trapped under the rubble<\/h5><p class=\"elementor-image-box-description\">Turkey Earthquake (February 2023)\nAfter the earthquake in Turkey in February 2023, our rescue dogs searched for survivors for nearly a week. We successfully assisted local experts in finding those trapped under the rubble. We saved lives!\n<\/p><\/div><\/div>\t\t\t\t<\/div>\n\t\t\t\t<\/div>\n\t\t\t\t<\/div>\n\t\t\t\t<\/div>\n\t\t<div class=\"elementor-element elementor-element-e3bd732 e-con-full e-flex e-con e-child\" data-id=\"e3bd732\" data-element_type=\"container\" data-e-type=\"container\" data-settings=\"{&quot;background_background&quot;:&quot;classic&quot;}\">\n\t\t<div class=\"elementor-element elementor-element-156bbb6 e-con-full e-flex e-con e-child\" data-id=\"156bbb6\" data-element_type=\"container\" data-e-type=\"container\">\n\t\t\t\t<div class=\"elementor-element elementor-element-7349870 elementor-position-top elementor-widget elementor-widget-image-box\" data-id=\"7349870\" data-element_type=\"widget\" data-e-type=\"widget\" data-widget_type=\"image-box.default\">\n\t\t\t\t<div class=\"elementor-widget-container\">\n\t\t\t\t\t<div class=\"elementor-image-box-wrapper\"><figure class=\"elementor-image-box-img\"><img decoding=\"async\" width=\"600\" height=\"500\" src=\"https:\/\/sar-hungary.org\/wp-content\/uploads\/2025\/12\/marokko.webp\" class=\"attachment-full size-full wp-image-2809\" alt=\"\" srcset=\"https:\/\/sar-hungary.org\/wp-content\/uploads\/2025\/12\/marokko.webp 600w, https:\/\/sar-hungary.org\/wp-content\/uploads\/2025\/12\/marokko-300x250.webp 300w\" sizes=\"(max-width: 600px) 100vw, 600px\" \/><\/figure><div class=\"elementor-image-box-content\"><h5 class=\"elementor-image-box-title\">Aid shipment for Morocco<\/h5><p class=\"elementor-image-box-description\">Morocco Earthquake (September 2023)\nWhen a strong earthquake hit central Morocco in September 2023, we were on the spot. Our members delivered relief supplies to people in need, helping to provide basic supplies.\n<\/p><\/div><\/div>\t\t\t\t<\/div>\n\t\t\t\t<\/div>\n\t\t\t\t<\/div>\n\t\t\t\t<\/div>\n\t\t\t\t<\/div>\n\t\t<div class=\"elementor-element elementor-element-7981980 e-con-full e-flex e-con e-child\" data-id=\"7981980\" data-element_type=\"container\" data-e-type=\"container\">\n\t\t<div class=\"elementor-element elementor-element-3c3707f e-con-full e-flex e-con e-child\" data-id=\"3c3707f\" data-element_type=\"container\" data-e-type=\"container\" data-settings=\"{&quot;background_background&quot;:&quot;classic&quot;}\">\n\t\t<div class=\"elementor-element elementor-element-af8bb5d e-con-full e-flex e-con e-child\" data-id=\"af8bb5d\" data-element_type=\"container\" data-e-type=\"container\">\n\t\t\t\t<div class=\"elementor-element elementor-element-d4c4be8 elementor-position-top elementor-widget elementor-widget-image-box\" data-id=\"d4c4be8\" data-element_type=\"widget\" data-e-type=\"widget\" data-widget_type=\"image-box.default\">\n\t\t\t\t<div class=\"elementor-widget-container\">\n\t\t\t\t\t<div class=\"elementor-image-box-wrapper\"><figure class=\"elementor-image-box-img\"><img decoding=\"async\" width=\"600\" height=\"500\" src=\"https:\/\/sar-hungary.org\/wp-content\/uploads\/2025\/12\/duna.webp\" class=\"attachment-full size-full wp-image-2837\" alt=\"\" srcset=\"https:\/\/sar-hungary.org\/wp-content\/uploads\/2025\/12\/duna.webp 600w, https:\/\/sar-hungary.org\/wp-content\/uploads\/2025\/12\/duna-300x250.webp 300w\" sizes=\"(max-width: 600px) 100vw, 600px\" \/><\/figure><div class=\"elementor-image-box-content\"><h5 class=\"elementor-image-box-title\">Defence on the Danube<\/h5><p class=\"elementor-image-box-description\">Danube Floods in Hungary (September 2024)\nWe were needed in Hungary during the severe flooding of the Danube in September 2024. Our rescue team in Dunabogd\u00e1ny took part in the flood response with pumps, technical equipment and dedicated volunteers to fight the water.\n<\/p><\/div><\/div>\t\t\t\t<\/div>\n\t\t\t\t<\/div>\n\t\t\t\t<\/div>\n\t\t\t\t<\/div>\n\t\t<div class=\"elementor-element elementor-element-72e5db0 e-con-full e-flex e-con e-child\" data-id=\"72e5db0\" data-element_type=\"container\" data-e-type=\"container\" data-settings=\"{&quot;background_background&quot;:&quot;classic&quot;}\">\n\t\t<div class=\"elementor-element elementor-element-224420e e-con-full e-flex e-con e-child\" data-id=\"224420e\" data-element_type=\"container\" data-e-type=\"container\">\n\t\t\t\t<div class=\"elementor-element elementor-element-ea7ec6b elementor-position-top elementor-widget elementor-widget-image-box\" data-id=\"ea7ec6b\" data-element_type=\"widget\" data-e-type=\"widget\" data-widget_type=\"image-box.default\">\n\t\t\t\t<div class=\"elementor-widget-container\">\n\t\t\t\t\t<div class=\"elementor-image-box-wrapper\"><figure class=\"elementor-image-box-img\"><img loading=\"lazy\" decoding=\"async\" width=\"500\" height=\"600\" src=\"https:\/\/sar-hungary.org\/wp-content\/uploads\/2025\/12\/nagyborosnyo.webp\" class=\"attachment-full size-full wp-image-2813\" alt=\"\" srcset=\"https:\/\/sar-hungary.org\/wp-content\/uploads\/2025\/12\/nagyborosnyo.webp 500w, https:\/\/sar-hungary.org\/wp-content\/uploads\/2025\/12\/nagyborosnyo-250x300.webp 250w\" sizes=\"(max-width: 500px) 100vw, 500px\" \/><\/figure><div class=\"elementor-image-box-content\"><h5 class=\"elementor-image-box-title\">Restoration in Nagyborosnyo<\/h5><p class=\"elementor-image-box-description\">Floods in Nagyborosno, Transylvania (June 2025)\nIn early June 2025, heavy rains caused flooding in Nagyborosnyo, Covasna County. Although the floodwaters had receded, we helped with the recovery: we pumped the area free of water so that life in the village could get back to normal more quickly.\n<\/p><\/div><\/div>\t\t\t\t<\/div>\n\t\t\t\t<\/div>\n\t\t\t\t<\/div>\n\t\t\t\t<\/div>\n\t\t\t\t<\/div>\n\t\t\t\t\t<\/div>\n\t\t\t\t<\/div>\n\t\t\t\t<\/div>","protected":false},"excerpt":{"rendered":"<p>Minden bevet\u00e9s m\u00e1s, de a c\u00e9l mindig ugyanaz: Itt gy\u0171jt\u00f6tt\u00fck \u00f6ssze a legjelent\u0151sebb helysz\u00edneket \u00e9s pillanatokat, amelyekben csapatunk \u00e9leteket mentett itthon \u00e9s k\u00fclf\u00f6ld\u00f6n. Kuty\u00e1kkal a romok alatt rekedtek\u00e9rt T\u00f6r\u00f6korsz\u00e1gi F\u00f6ldreng\u00e9s (2023 Febru\u00e1r) A 2023. febru\u00e1ri t\u00f6r\u00f6korsz\u00e1gi f\u00f6ldreng\u00e9s ut\u00e1n ment\u0151kuty\u00e1inkkal k\u00f6zel egy h\u00e9tig kerest\u00fck a t\u00fal\u00e9l\u0151ket. Sikeresen seg\u00edtett\u00fck a helyi szakemberek munk\u00e1j\u00e1t a romok al\u00e1 szorultak [&hellip;]<\/p>\n","protected":false},"author":1,"featured_media":2488,"parent":0,"menu_order":0,"comment_status":"closed","ping_status":"closed","template":"","meta":{"site-sidebar-layout":"no-sidebar","site-content-layout":"page-builder","ast-site-content-layout":"full-width-container","site-content-style":"default","site-sidebar-style":"default","ast-global-header-display":"","ast-banner-title-visibility":"disabled","ast-main-header-display":"","ast-hfb-above-header-display":"","ast-hfb-below-header-display":"","ast-hfb-mobile-header-display":"","site-post-title":"","ast-breadcrumbs-content":"","ast-featured-img":"disabled","footer-sml-layout":"","ast-disable-related-posts":"","theme-transparent-header-meta":"enabled","adv-header-id-meta":"","stick-header-meta":"","header-above-stick-meta":"","header-main-stick-meta":"","header-below-stick-meta":"","astra-migrate-meta-layouts":"set","ast-page-background-enabled":"default","ast-page-background-meta":{"desktop":{"background-color":"var(--ast-global-color-4)","background-image":"","background-repeat":"repeat","background-position":"center center","background-size":"auto","background-attachment":"scroll","background-type":"","background-media":"","overlay-type":"","overlay-color":"","overlay-opacity":"","overlay-gradient":""},"tablet":{"background-color":"","background-image":"","background-repeat":"repeat","background-position":"center center","background-size":"auto","background-attachment":"scroll","background-type":"","background-media":"","overlay-type":"","overlay-color":"","overlay-opacity":"","overlay-gradient":""},"mobile":{"background-color":"","background-image":"","background-repeat":"repeat","background-position":"center center","background-size":"auto","background-attachment":"scroll","background-type":"","background-media":"","overlay-type":"","overlay-color":"","overlay-opacity":"","overlay-gradient":""}},"ast-content-background-meta":{"desktop":{"background-color":"var(--ast-global-color-5)","background-image":"","background-repeat":"repeat","background-position":"center center","background-size":"auto","background-attachment":"scroll","background-type":"","background-media":"","overlay-type":"","overlay-color":"","overlay-opacity":"","overlay-gradient":""},"tablet":{"background-color":"var(--ast-global-color-5)","background-image":"","background-repeat":"repeat","background-position":"center center","background-size":"auto","background-attachment":"scroll","background-type":"","background-media":"","overlay-type":"","overlay-color":"","overlay-opacity":"","overlay-gradient":""},"mobile":{"background-color":"var(--ast-global-color-5)","background-image":"","background-repeat":"repeat","background-position":"center center","background-size":"auto","background-attachment":"scroll","background-type":"","background-media":"","overlay-type":"","overlay-color":"","overlay-opacity":"","overlay-gradient":""}},"footnotes":""},"class_list":["post-318","page","type-page","status-publish","has-post-thumbnail","hentry"],"_links":{"self":[{"href":"https:\/\/sar-hungary.org\/en\/wp-json\/wp\/v2\/pages\/318","targetHints":{"allow":["GET"]}}],"collection":[{"href":"https:\/\/sar-hungary.org\/en\/wp-json\/wp\/v2\/pages"}],"about":[{"href":"https:\/\/sar-hungary.org\/en\/wp-json\/wp\/v2\/types\/page"}],"author":[{"embeddable":true,"href":"https:\/\/sar-hungary.org\/en\/wp-json\/wp\/v2\/users\/1"}],"replies":[{"embeddable":true,"href":"https:\/\/sar-hungary.org\/en\/wp-json\/wp\/v2\/comments?post=318"}],"version-history":[{"count":76,"href":"https:\/\/sar-hungary.org\/en\/wp-json\/wp\/v2\/pages\/318\/revisions"}],"predecessor-version":[{"id":2961,"href":"https:\/\/sar-hungary.org\/en\/wp-json\/wp\/v2\/pages\/318\/revisions\/2961"}],"wp:featuredmedia":[{"embeddable":true,"href":"https:\/\/sar-hungary.org\/en\/wp-json\/wp\/v2\/media\/2488"}],"wp:attachment":[{"href":"https:\/\/sar-hungary.org\/en\/wp-json\/wp\/v2\/media?parent=318"}],"curies":[{"name":"wp","href":"https:\/\/api.w.org\/{rel}","templated":true}]}}